{"id":2,"date":"2010-12-30T22:43:58","date_gmt":"2010-12-30T22:43:58","guid":{"rendered":"http:\/\/www.canyon-nice.fr\/blog\/?page_id=2"},"modified":"2012-04-18T20:45:48","modified_gmt":"2012-04-18T19:45:48","slug":"a-propos","status":"publish","type":"page","link":"http:\/\/www.canyon-nice.fr\/blog\/a-propos\/","title":{"rendered":"\u00c0 propos"},"content":{"rendered":"<p>Bonjour \u00e0 tous et bienvenue sur le blog d&rsquo;Expression Verticale !<\/p>\n<p style=\"text-align: justify;\">Ce blog se veut avant tout d&rsquo;\u00eatre une fen\u00eatre sur mes activit\u00e9s professionnelles comme personnelles : escalade, canyoning, via ferrata, slackline, voyages&#8230; Vous y trouverez \u00e9galement \u00e0 terme des informations int\u00e9ressantes sur la grimpe ni\u00e7oise et les canyons de la r\u00e9gion. Et si ce que je fais vous int\u00e9resse, n&rsquo;h\u00e9sitez pas \u00e0 venir faire un tour sur <a href=\"http:\/\/www.canyon-nice.fr\" target=\"_blank\">mon site pro<\/a> !<\/p>\n<p>Bon surf !<\/p>\nngg_shortcode_0_placeholder\n","protected":false},"excerpt":{"rendered":"<p>Bonjour \u00e0 tous et bienvenue sur le blog d&rsquo;Expression Verticale ! Ce blog se veut avant tout d&rsquo;\u00eatre une fen\u00eatre sur mes activit\u00e9s professionnelles comme personnelles : escalade, canyoning, via ferrata, slackline, voyages&#8230; Vous y trouverez \u00e9galement \u00e0 terme des &hellip; <a href=\"http:\/\/www.canyon-nice.fr\/blog\/a-propos\/\">Continuer la lecture <span class=\"meta-nav\">&rarr;<\/span><\/a><\/p>\n","protected":false},"author":2,"featured_media":0,"parent":0,"menu_order":0,"comment_status":"closed","ping_status":"open","template":"","meta":{"ngg_post_thumbnail":0,"footnotes":""},"_links":{"self":[{"href":"http:\/\/www.canyon-nice.fr\/blog\/wp-json\/wp\/v2\/pages\/2"}],"collection":[{"href":"http:\/\/www.canyon-nice.fr\/blog\/wp-json\/wp\/v2\/pages"}],"about":[{"href":"http:\/\/www.canyon-nice.fr\/blog\/wp-json\/wp\/v2\/types\/page"}],"author":[{"embeddable":true,"href":"http:\/\/www.canyon-nice.fr\/blog\/wp-json\/wp\/v2\/users\/2"}],"replies":[{"embeddable":true,"href":"http:\/\/www.canyon-nice.fr\/blog\/wp-json\/wp\/v2\/comments?post=2"}],"version-history":[{"count":6,"href":"http:\/\/www.canyon-nice.fr\/blog\/wp-json\/wp\/v2\/pages\/2\/revisions"}],"predecessor-version":[{"id":595,"href":"http:\/\/www.canyon-nice.fr\/blog\/wp-json\/wp\/v2\/pages\/2\/revisions\/595"}],"wp:attachment":[{"href":"http:\/\/www.canyon-nice.fr\/blog\/wp-json\/wp\/v2\/media?parent=2"}],"curies":[{"name":"wp","href":"https:\/\/api.w.org\/{rel}","templated":true}]}}